{"id":2235,"date":"2022-02-07T16:09:51","date_gmt":"2022-02-07T15:09:51","guid":{"rendered":"https:\/\/www.webhostingsrbija.rs\/\/?page_id=2235"},"modified":"2025-10-15T14:19:58","modified_gmt":"2025-10-15T13:19:58","slug":"webmaster-podrska","status":"publish","type":"page","link":"https:\/\/www.webhostingsrbija.rs\/en\/webmaster-podrska\/","title":{"rendered":"WebMaster support"},"content":{"rendered":"<div data-elementor-type=\"wp-page\" data-elementor-id=\"2235\" class=\"elementor elementor-2235\">\n\t\t\t\t\t\t<section class=\"elementor-section elementor-top-section elementor-element elementor-element-411555c elementor-section-boxed elementor-section-height-default elementor-section-height-default\" data-id=\"411555c\" data-element_type=\"section\" data-e-type=\"section\">\n\t\t\t\t\t\t<div class=\"elementor-container elementor-column-gap-default\">\n\t\t\t\t\t<div class=\"elementor-column elementor-col-100 elementor-top-column elementor-element elementor-element-a50a4a5\" data-id=\"a50a4a5\" data-element_type=\"column\" data-e-type=\"column\">\n\t\t\t<div class=\"elementor-widget-wrap elementor-element-populated\">\n\t\t\t\t\t\t<div class=\"elementor-element elementor-element-55bb1b6 elementor-widget elementor-widget-heading\" data-id=\"55bb1b6\" data-element_type=\"widget\" data-e-type=\"widget\" data-widget_type=\"heading.default\">\n\t\t\t\t<div class=\"elementor-widget-container\">\n\t\t\t\t\t<h1 class=\"elementor-heading-title elementor-size-default\">Help with the site<\/h1>\t\t\t\t<\/div>\n\t\t\t\t<\/div>\n\t\t\t\t<div class=\"elementor-element elementor-element-3c9b949 elementor-widget elementor-widget-text-editor\" data-id=\"3c9b949\" data-element_type=\"widget\" data-e-type=\"widget\" data-widget_type=\"text-editor.default\">\n\t\t\t\t<div class=\"elementor-widget-container\">\n\t\t\t\t\t\t\t\t\t<p>Help with the site is the fastest and most reliable way to solve a problem or add something new to the site. Huge experience in programming and creating websites, there are no impossible situations.<\/p>\t\t\t\t\t\t\t\t<\/div>\n\t\t\t\t<\/div>\n\t\t\t\t\t<\/div>\n\t\t<\/div>\n\t\t\t\t\t<\/div>\n\t\t<\/section>\n\t\t\t\t<section class=\"elementor-section elementor-top-section elementor-element elementor-element-2a67dd6 elementor-section-boxed elementor-section-height-default elementor-section-height-default\" data-id=\"2a67dd6\" data-element_type=\"section\" data-e-type=\"section\">\n\t\t\t\t\t\t<div class=\"elementor-container elementor-column-gap-default\">\n\t\t\t\t\t<div class=\"elementor-column elementor-col-100 elementor-top-column elementor-element elementor-element-2811ee7\" data-id=\"2811ee7\" data-element_type=\"column\" data-e-type=\"column\">\n\t\t\t<div class=\"elementor-widget-wrap elementor-element-populated\">\n\t\t\t\t\t\t<div class=\"elementor-element elementor-element-f4d099b elementor-widget elementor-widget-eael-feature-list\" data-id=\"f4d099b\" data-element_type=\"widget\" data-e-type=\"widget\" data-widget_type=\"eael-feature-list.default\">\n\t\t\t\t<div class=\"elementor-widget-container\">\n\t\t\t\t\t\t\t<div class=\"-icon-position-left -tablet-icon-position-left -mobile-icon-position-left\">\n\t\t\t<ul id=\"eael-feature-list-f4d099b\" class=\"eael-feature-list-items circle stacked  eael-feature-list-vertical\" data-layout-tablet=\"vertical\" data-layout-mobile=\"vertical\">\n\t\t\t                <li class=\"eael-feature-list-item elementor-repeater-item-b8766d1\">\n                    \n\t\t\t\t\t\t<div class=\"eael-feature-list-icon-box\">\n\t\t\t\t\t\t\t<div class=\"eael-feature-list-icon-inner\">\n\n\t\t\t\t\t\t\t\t<span class=\"eael-feature-list-icon fl-icon-0\">\n\n\t\t<i aria-hidden=\"true\" class=\"fas fa-check\"><\/i>\t\t\t\t\t\t\t\t<\/span>\n\t\t\t\t\t\t\t<\/div>\n\t\t\t\t\t\t<\/div>\n\t\t\t\t\t\t<div class=\"eael-feature-list-content-box\">\n                            <h2 class=\"eael-feature-list-title\">Knowledge<\/h2>\t\t\t\t\t\t<p class=\"eael-feature-list-content\">Run into a problem that you can&#039;t solve or you&#039;re not sure what the problem actually is? Something is not working on the site? Need a new feature on your site? &quot;This website is experiencing technical difficulties.&quot; or &quot;This web site experiencing technical difficulties&quot;<\/p>\n\t\t\t\t\t\t<\/div>\n\n\t\t\t\t\t<\/li>\n\t\t\t\t                <li class=\"eael-feature-list-item elementor-repeater-item-6c1fd24\">\n                    \n\t\t\t\t\t\t<div class=\"eael-feature-list-icon-box\">\n\t\t\t\t\t\t\t<div class=\"eael-feature-list-icon-inner\">\n\n\t\t\t\t\t\t\t\t<span class=\"eael-feature-list-icon fl-icon-1\">\n\n\t\t<i aria-hidden=\"true\" class=\"fab fa-searchengin\"><\/i>\t\t\t\t\t\t\t\t<\/span>\n\t\t\t\t\t\t\t<\/div>\n\t\t\t\t\t\t<\/div>\n\t\t\t\t\t\t<div class=\"eael-feature-list-content-box\">\n                            <h2 class=\"eael-feature-list-title\">Analysis<\/h2>\t\t\t\t\t\t<p class=\"eael-feature-list-content\">We will analyze the entire site in order to find all possible irregularities and problems. We can only check the loading of the site, what can be improved and improved. Complete site analysis with solutions.<\/p>\n\t\t\t\t\t\t<\/div>\n\n\t\t\t\t\t<\/li>\n\t\t\t\t                <li class=\"eael-feature-list-item elementor-repeater-item-f819825\">\n                    \n\t\t\t\t\t\t<div class=\"eael-feature-list-icon-box\">\n\t\t\t\t\t\t\t<div class=\"eael-feature-list-icon-inner\">\n\n\t\t\t\t\t\t\t\t<span class=\"eael-feature-list-icon fl-icon-2\">\n\n\t\t<i aria-hidden=\"true\" class=\"far fa-thumbs-up\"><\/i>\t\t\t\t\t\t\t\t<\/span>\n\t\t\t\t\t\t\t<\/div>\n\t\t\t\t\t\t<\/div>\n\t\t\t\t\t\t<div class=\"eael-feature-list-content-box\">\n                            <h2 class=\"eael-feature-list-title\">Solution<\/h2>\t\t\t\t\t\t<p class=\"eael-feature-list-content\">We found out about the problem, we analyzed the problem, we solved the problem and the site is back up and running even faster and better than before. A few steps to a secure and modern site. Where solutions are measured in minutes.<\/p>\n\t\t\t\t\t\t<\/div>\n\n\t\t\t\t\t<\/li>\n\t\t\t\t\t\t\t<\/ul>\n\t\t<\/div>\n\t\t\t\t\t\t<\/div>\n\t\t\t\t<\/div>\n\t\t\t\t\t<\/div>\n\t\t<\/div>\n\t\t\t\t\t<\/div>\n\t\t<\/section>\n\t\t\t\t<section class=\"elementor-section elementor-top-section elementor-element elementor-element-ee9974f elementor-section-boxed elementor-section-height-default elementor-section-height-default\" data-id=\"ee9974f\" data-element_type=\"section\" data-e-type=\"section\">\n\t\t\t\t\t\t<div class=\"elementor-container elementor-column-gap-default\">\n\t\t\t\t\t<div class=\"elementor-column elementor-col-100 elementor-top-column elementor-element elementor-element-8b7adf3\" data-id=\"8b7adf3\" data-element_type=\"column\" data-e-type=\"column\">\n\t\t\t<div class=\"elementor-widget-wrap elementor-element-populated\">\n\t\t\t\t\t\t<div class=\"elementor-element elementor-element-b35298d elementor-widget elementor-widget-spacer\" data-id=\"b35298d\" data-element_type=\"widget\" data-e-type=\"widget\" data-widget_type=\"spacer.default\">\n\t\t\t\t<div class=\"elementor-widget-container\">\n\t\t\t\t\t\t\t<div class=\"elementor-spacer\">\n\t\t\t<div class=\"elementor-spacer-inner\"><\/div>\n\t\t<\/div>\n\t\t\t\t\t\t<\/div>\n\t\t\t\t<\/div>\n\t\t\t\t<div class=\"elementor-element elementor-element-0e21c32 elementor-widget elementor-widget-text-editor\" data-id=\"0e21c32\" data-element_type=\"widget\" data-e-type=\"widget\" data-widget_type=\"text-editor.default\">\n\t\t\t\t<div class=\"elementor-widget-container\">\n\t\t\t\t\t\t\t\t\t<div class=\"col-12\"><h1>What does Web Master support include?<\/h1><\/div><ul class=\"col-12\"><li>- restoring the site to a functional state when it does not open<\/li><li>- setting the site to SSL (green padlock)<\/li><li>\u2013 change of domain on the website<\/li><li>\u2013 adding plugins<\/li><li>- creation of plugins or additional functionality on the site<\/li><li>- site analysis \/seo\/speed\/user experience<\/li><li>- modification of text\/images\/content<\/li><li>- modification of part of the site or page<\/li><\/ul><div class=\"col-12 pt-5\"><h3>What does Web Master support NOT include?<\/h3><\/div><ul class=\"col-12\"><li>- website redesign (a special type of agreement is required for this)<\/li><li>- development of the site (for this a special type of agreement is required)<\/li><li>- theme change (this is part of the redesign)<\/li><li>\u2013 writing articles<\/li><li>- creating a logo (or graphic elements)<\/li><li>\u2013 composing emails<\/li><\/ul>\t\t\t\t\t\t\t\t<\/div>\n\t\t\t\t<\/div>\n\t\t\t\t\t<\/div>\n\t\t<\/div>\n\t\t\t\t\t<\/div>\n\t\t<\/section>\n\t\t\t\t<section class=\"elementor-section elementor-top-section elementor-element elementor-element-54e6952 elementor-section-boxed elementor-section-height-default elementor-section-height-default\" data-id=\"54e6952\" data-element_type=\"section\" data-e-type=\"section\">\n\t\t\t\t\t\t<div class=\"elementor-container elementor-column-gap-default\">\n\t\t\t\t\t<div class=\"elementor-column elementor-col-100 elementor-top-column elementor-element elementor-element-e5f371a\" data-id=\"e5f371a\" data-element_type=\"column\" data-e-type=\"column\">\n\t\t\t<div class=\"elementor-widget-wrap elementor-element-populated\">\n\t\t\t\t\t\t<div class=\"elementor-element elementor-element-67a5fc6 elementor-widget elementor-widget-heading\" data-id=\"67a5fc6\" data-element_type=\"widget\" data-e-type=\"widget\" data-widget_type=\"heading.default\">\n\t\t\t\t<div class=\"elementor-widget-container\">\n\t\t\t\t\t<h2 class=\"elementor-heading-title elementor-size-default\">Schedule a meeting<\/h2>\t\t\t\t<\/div>\n\t\t\t\t<\/div>\n\t\t\t\t<div class=\"elementor-element elementor-element-292286a elementor-widget elementor-widget-text-editor\" data-id=\"292286a\" data-element_type=\"widget\" data-e-type=\"widget\" data-widget_type=\"text-editor.default\">\n\t\t\t\t<div class=\"elementor-widget-container\">\n\t\t\t\t\t\t\t\t\t<p>It is possible to schedule a meeting by telephone (Serbia only) or via Zoom.\u00a0<\/p>\t\t\t\t\t\t\t\t<\/div>\n\t\t\t\t<\/div>\n\t\t\t\t<div class=\"elementor-element elementor-element-7e568a5 elementor-widget elementor-widget-html\" data-id=\"7e568a5\" data-element_type=\"widget\" data-e-type=\"widget\" data-widget_type=\"html.default\">\n\t\t\t\t<div class=\"elementor-widget-container\">\n\t\t\t\t\t<!-- Calendly inline widget begin -->\r\n<div class=\"calendly-inline-widget\" data-url=\"https:\/\/calendly.com\/webhostingsrbija\/30min?primary_color=1063db\" style=\"min-width:320px;height:700px;\"><\/div>\r\n<script type=\"text\/javascript\" src=\"https:\/\/assets.calendly.com\/assets\/external\/widget.js\" async><\/script>\r\n<!-- Calendly inline widget end -->\t\t\t\t<\/div>\n\t\t\t\t<\/div>\n\t\t\t\t\t<\/div>\n\t\t<\/div>\n\t\t\t\t\t<\/div>\n\t\t<\/section>\n\t\t\t\t<section class=\"elementor-section elementor-top-section elementor-element elementor-element-c7cd155 elementor-section-boxed elementor-section-height-default elementor-section-height-default\" data-id=\"c7cd155\" data-element_type=\"section\" data-e-type=\"section\">\n\t\t\t\t\t\t<div class=\"elementor-container elementor-column-gap-default\">\n\t\t\t\t\t<div class=\"elementor-column elementor-col-100 elementor-top-column elementor-element elementor-element-fd7254b\" data-id=\"fd7254b\" data-element_type=\"column\" data-e-type=\"column\">\n\t\t\t<div class=\"elementor-widget-wrap elementor-element-populated\">\n\t\t\t\t\t\t<div class=\"elementor-element elementor-element-f10b983 elementor-widget elementor-widget-heading\" data-id=\"f10b983\" data-element_type=\"widget\" data-e-type=\"widget\" data-widget_type=\"heading.default\">\n\t\t\t\t<div class=\"elementor-widget-container\">\n\t\t\t\t\t<h2 class=\"elementor-heading-title elementor-size-default\">Website maintenance and operation<\/h2>\t\t\t\t<\/div>\n\t\t\t\t<\/div>\n\t\t\t\t<div class=\"elementor-element elementor-element-abf7f09 elementor-widget elementor-widget-text-editor\" data-id=\"abf7f09\" data-element_type=\"widget\" data-e-type=\"widget\" data-widget_type=\"text-editor.default\">\n\t\t\t\t<div class=\"elementor-widget-container\">\n\t\t\t\t\t\t\t\t\t<p data-start=\"147\" data-end=\"363\">Do you need someone who <strong data-start=\"170\" data-end=\"203\">reacts quickly when the site &quot;freezes&quot;\u201e<\/strong> or do you want to <strong data-start=\"217\" data-end=\"250\">you improve your site regularly<\/strong> without a headache?<br data-start=\"266\" data-end=\"269\" \/>We undertake all technical changes and improvements \u2014 from the smallest changes to complex functionalities.<\/p><h3 data-start=\"365\" data-end=\"379\">What do we do?<\/h3><ul data-start=\"380\" data-end=\"613\"><li data-start=\"380\" data-end=\"431\"><p data-start=\"382\" data-end=\"431\">Fixes when the site is not working or displaying errors<\/p><\/li><li data-start=\"432\" data-end=\"467\"><p data-start=\"434\" data-end=\"467\">Adding new functionality<\/p><\/li><li data-start=\"468\" data-end=\"520\"><p data-start=\"470\" data-end=\"520\">Changing the logo, colors, text or layout of the site<\/p><\/li><li data-start=\"521\" data-end=\"565\"><p data-start=\"523\" data-end=\"565\">Adding products, pages and content<\/p><\/li><li data-start=\"566\" data-end=\"613\"><p data-start=\"568\" data-end=\"613\">Optimizing site performance and security<\/p><\/li><\/ul><h3 data-start=\"615\" data-end=\"630\">When we work<\/h3><p data-start=\"631\" data-end=\"777\">The working hours for all interventions are <strong data-start=\"666\" data-end=\"698\">Monday-Friday from 9 a.m. to 4 p.m<\/strong>.<br data-start=\"699\" data-end=\"702\" \/>For emergency interventions <strong data-start=\"724\" data-end=\"746\">outside of working hours<\/strong>, the minutes are <strong data-start=\"760\" data-end=\"776\">counts double<\/strong>.<\/p><h3 data-start=\"779\" data-end=\"799\">Regular clients<\/h3><p data-start=\"800\" data-end=\"1020\">For clients with whom <strong data-start=\"822\" data-end=\"872\">we cooperate continuously (50+ sites currently)<\/strong>, we enable and <strong data-start=\"888\" data-end=\"961\">work on weekends, evenings, holidays and vacations<\/strong> \u2014 because we know that the site does not choose when it will need help.<\/p>\t\t\t\t\t\t\t\t<\/div>\n\t\t\t\t<\/div>\n\t\t\t\t\t<\/div>\n\t\t<\/div>\n\t\t\t\t\t<\/div>\n\t\t<\/section>\n\t\t\t\t<\/div>","protected":false},"excerpt":{"rendered":"<p>Pomo\u0107 oko sajta Pomo\u0107 oko sajta je najbr\u017ei i najpouzdaniji na\u010din da re\u0161ite problem ili dodate neku novinu na sajtu. Ogromno iskustvo u programiranju i izradu sajtova ne postoje ne mogu\u0107e situacije. Saznanje Nai\u0161li ste na problem koji ne mo\u017eete da re\u0161ite ili niste sigurni \u0161ta je zapravo problem? Ne\u0161to ne radi na sajtu? Potreban [&hellip;]<\/p>\n","protected":false},"author":1,"featured_media":0,"parent":0,"menu_order":0,"comment_status":"closed","ping_status":"closed","template":"","meta":{"site-sidebar-layout":"no-sidebar","site-content-layout":"page-builder","ast-site-content-layout":"default","site-content-style":"default","site-sidebar-style":"default","ast-global-header-display":"","ast-banner-title-visibility":"","ast-main-header-display":"","ast-hfb-above-header-display":"","ast-hfb-below-header-display":"","ast-hfb-mobile-header-display":"","site-post-title":"disabled","ast-breadcrumbs-content":"","ast-featured-img":"disabled","footer-sml-layout":"","ast-disable-related-posts":"","theme-transparent-header-meta":"","adv-header-id-meta":"","stick-header-meta":"","header-above-stick-meta":"","header-main-stick-meta":"","header-below-stick-meta":"","astra-migrate-meta-layouts":"default","ast-page-background-enabled":"default","ast-page-background-meta":{"desktop":{"background-color":"","background-image":"","background-repeat":"repeat","background-position":"center center","background-size":"auto","background-attachment":"scroll","background-type":"","background-media":"","overlay-type":"","overlay-color":"","overlay-opacity":"","overlay-gradient":""},"tablet":{"background-color":"","background-image":"","background-repeat":"repeat","background-position":"center center","background-size":"auto","background-attachment":"scroll","background-type":"","background-media":"","overlay-type":"","overlay-color":"","overlay-opacity":"","overlay-gradient":""},"mobile":{"background-color":"","background-image":"","background-repeat":"repeat","background-position":"center center","background-size":"auto","background-attachment":"scroll","background-type":"","background-media":"","overlay-type":"","overlay-color":"","overlay-opacity":"","overlay-gradient":""}},"ast-content-background-meta":{"desktop":{"background-color":"var(--ast-global-color-5)","background-image":"","background-repeat":"repeat","background-position":"center center","background-size":"auto","background-attachment":"scroll","background-type":"","background-media":"","overlay-type":"","overlay-color":"","overlay-opacity":"","overlay-gradient":""},"tablet":{"background-color":"var(--ast-global-color-5)","background-image":"","background-repeat":"repeat","background-position":"center center","background-size":"auto","background-attachment":"scroll","background-type":"","background-media":"","overlay-type":"","overlay-color":"","overlay-opacity":"","overlay-gradient":""},"mobile":{"background-color":"var(--ast-global-color-5)","background-image":"","background-repeat":"repeat","background-position":"center center","background-size":"auto","background-attachment":"scroll","background-type":"","background-media":"","overlay-type":"","overlay-color":"","overlay-opacity":"","overlay-gradient":""}},"footnotes":""},"class_list":["post-2235","page","type-page","status-publish","hentry"],"_links":{"self":[{"href":"https:\/\/www.webhostingsrbija.rs\/en\/wp-json\/wp\/v2\/pages\/2235","targetHints":{"allow":["GET"]}}],"collection":[{"href":"https:\/\/www.webhostingsrbija.rs\/en\/wp-json\/wp\/v2\/pages"}],"about":[{"href":"https:\/\/www.webhostingsrbija.rs\/en\/wp-json\/wp\/v2\/types\/page"}],"author":[{"embeddable":true,"href":"https:\/\/www.webhostingsrbija.rs\/en\/wp-json\/wp\/v2\/users\/1"}],"replies":[{"embeddable":true,"href":"https:\/\/www.webhostingsrbija.rs\/en\/wp-json\/wp\/v2\/comments?post=2235"}],"version-history":[{"count":10,"href":"https:\/\/www.webhostingsrbija.rs\/en\/wp-json\/wp\/v2\/pages\/2235\/revisions"}],"predecessor-version":[{"id":6841,"href":"https:\/\/www.webhostingsrbija.rs\/en\/wp-json\/wp\/v2\/pages\/2235\/revisions\/6841"}],"wp:attachment":[{"href":"https:\/\/www.webhostingsrbija.rs\/en\/wp-json\/wp\/v2\/media?parent=2235"}],"curies":[{"name":"wp","href":"https:\/\/api.w.org\/{rel}","templated":true}]}}