{"id":2241,"date":"2022-02-07T16:16:25","date_gmt":"2022-02-07T15:16:25","guid":{"rendered":"https:\/\/www.webhostingsrbija.rs\/\/?page_id=2241"},"modified":"2024-03-15T12:55:57","modified_gmt":"2024-03-15T11:55:57","slug":"izrada-sajta","status":"publish","type":"page","link":"https:\/\/www.webhostingsrbija.rs\/en\/izrada-sajta\/","title":{"rendered":"Website development"},"content":{"rendered":"<div data-elementor-type=\"wp-page\" data-elementor-id=\"2241\" class=\"elementor elementor-2241\">\n\t\t\t\t\t\t<section class=\"elementor-section elementor-top-section elementor-element elementor-element-510fb8c elementor-section-boxed elementor-section-height-default elementor-section-height-default\" data-id=\"510fb8c\" data-element_type=\"section\" data-e-type=\"section\">\n\t\t\t\t\t\t<div class=\"elementor-container elementor-column-gap-default\">\n\t\t\t\t\t<div class=\"elementor-column elementor-col-100 elementor-top-column elementor-element elementor-element-4a00be3\" data-id=\"4a00be3\" data-element_type=\"column\" data-e-type=\"column\">\n\t\t\t<div class=\"elementor-widget-wrap elementor-element-populated\">\n\t\t\t\t\t\t<div class=\"elementor-element elementor-element-7515f72 elementor-widget elementor-widget-heading\" data-id=\"7515f72\" data-element_type=\"widget\" data-e-type=\"widget\" data-widget_type=\"heading.default\">\n\t\t\t\t<div class=\"elementor-widget-container\">\n\t\t\t\t\t<h1 class=\"elementor-heading-title elementor-size-default\">Website development<\/h1>\t\t\t\t<\/div>\n\t\t\t\t<\/div>\n\t\t\t\t<div class=\"elementor-element elementor-element-fd1f462 elementor-widget elementor-widget-text-editor\" data-id=\"fd1f462\" data-element_type=\"widget\" data-e-type=\"widget\" data-widget_type=\"text-editor.default\">\n\t\t\t\t<div class=\"elementor-widget-container\">\n\t\t\t\t\t\t\t\t\t<p>Affordable and fast site development. Within the agreed time period, which is on average 2 weeks, your site will be ready for the public. It is also possible to redesign the site you already own.<\/p>\t\t\t\t\t\t\t\t<\/div>\n\t\t\t\t<\/div>\n\t\t\t\t\t<\/div>\n\t\t<\/div>\n\t\t\t\t\t<\/div>\n\t\t<\/section>\n\t\t\t\t<section class=\"elementor-section elementor-top-section elementor-element elementor-element-41aef33 elementor-section-boxed elementor-section-height-default elementor-section-height-default\" data-id=\"41aef33\" data-element_type=\"section\" data-e-type=\"section\">\n\t\t\t\t\t\t<div class=\"elementor-container elementor-column-gap-default\">\n\t\t\t\t\t<div class=\"elementor-column elementor-col-100 elementor-top-column elementor-element elementor-element-d846b6c\" data-id=\"d846b6c\" data-element_type=\"column\" data-e-type=\"column\">\n\t\t\t<div class=\"elementor-widget-wrap elementor-element-populated\">\n\t\t\t\t\t\t<div class=\"elementor-element elementor-element-416baa4 elementor-widget elementor-widget-text-editor\" data-id=\"416baa4\" data-element_type=\"widget\" data-e-type=\"widget\" data-widget_type=\"text-editor.default\">\n\t\t\t\t<div class=\"elementor-widget-container\">\n\t\t\t\t\t\t\t\t\t<p>WebHosting and \u0110or\u0111e Bojkovi\u0107 have more than 10 years of experience in creating websites. The beginnings were as freelancers on the local market, then on the foreign market, and with a larger number of clients, we also started hosting. It gave a new level of knowledge and experience at all levels not only in terms of creating websites but also in terms of security and far more knowledge in all fields. As you probably noticed, our site is the first on the Google search engine for web hosting in Serbia, which was the goal and excellent knowledge of SEO techniques. The site you are reading this on is WordPress, and the client panel is built on Laravel.<\/p>\t\t\t\t\t\t\t\t<\/div>\n\t\t\t\t<\/div>\n\t\t\t\t\t<\/div>\n\t\t<\/div>\n\t\t\t\t\t<\/div>\n\t\t<\/section>\n\t\t\t\t<section class=\"elementor-section elementor-top-section elementor-element elementor-element-3a766d8 elementor-section-boxed elementor-section-height-default elementor-section-height-default\" data-id=\"3a766d8\" data-element_type=\"section\" data-e-type=\"section\">\n\t\t\t\t\t\t<div class=\"elementor-container elementor-column-gap-default\">\n\t\t\t\t\t<div class=\"elementor-column elementor-col-50 elementor-top-column elementor-element elementor-element-f499711\" data-id=\"f499711\" data-element_type=\"column\" data-e-type=\"column\">\n\t\t\t<div class=\"elementor-widget-wrap elementor-element-populated\">\n\t\t\t\t\t\t<div class=\"elementor-element elementor-element-acfa2ad elementor-widget elementor-widget-image\" data-id=\"acfa2ad\" data-element_type=\"widget\" data-e-type=\"widget\" data-widget_type=\"image.default\">\n\t\t\t\t<div class=\"elementor-widget-container\">\n\t\t\t\t\t\t\t\t\t\t\t\t\t\t\t<img fetchpriority=\"high\" decoding=\"async\" width=\"300\" height=\"260\" src=\"https:\/\/www.webhostingsrbija.rs\/wp-content\/uploads\/2022\/02\/lararavelframework.png\" class=\"attachment-large size-large wp-image-2243\" alt=\"\" title=\"\">\t\t\t\t\t\t\t\t\t\t\t\t\t\t\t<\/div>\n\t\t\t\t<\/div>\n\t\t\t\t<div class=\"elementor-element elementor-element-0bc4862 elementor-widget elementor-widget-text-editor\" data-id=\"0bc4862\" data-element_type=\"widget\" data-e-type=\"widget\" data-widget_type=\"text-editor.default\">\n\t\t\t\t<div class=\"elementor-widget-container\">\n\t\t\t\t\t\t\t\t\t<p>Laravel framework is one of the most popular in our region. In addition to enabling faster development, it is also more secure than any CMS.<\/p><p>Laravel provides unlimited possibilities, in fact it is a tool that helps a developer to create a web application faster and better. Everything else depends on the technology itself and the developer&#039;s capabilities.<\/p>\t\t\t\t\t\t\t\t<\/div>\n\t\t\t\t<\/div>\n\t\t\t\t\t<\/div>\n\t\t<\/div>\n\t\t\t\t<div class=\"elementor-column elementor-col-50 elementor-top-column elementor-element elementor-element-7f755b6\" data-id=\"7f755b6\" data-element_type=\"column\" data-e-type=\"column\">\n\t\t\t<div class=\"elementor-widget-wrap elementor-element-populated\">\n\t\t\t\t\t\t<div class=\"elementor-element elementor-element-ad783b1 elementor-widget elementor-widget-image\" data-id=\"ad783b1\" data-element_type=\"widget\" data-e-type=\"widget\" data-widget_type=\"image.default\">\n\t\t\t\t<div class=\"elementor-widget-container\">\n\t\t\t\t\t\t\t\t\t\t\t\t\t\t\t<img decoding=\"async\" width=\"499\" height=\"310\" src=\"https:\/\/www.webhostingsrbija.rs\/wp-content\/uploads\/2022\/02\/wordpresss.png\" class=\"attachment-large size-large wp-image-2244\" alt=\"\" srcset=\"https:\/\/www.webhostingsrbija.rs\/wp-content\/uploads\/2022\/02\/wordpresss.png 499w, https:\/\/www.webhostingsrbija.rs\/wp-content\/uploads\/2022\/02\/wordpresss-300x186.png 300w\" sizes=\"(max-width: 499px) 100vw, 499px\" title=\"\">\t\t\t\t\t\t\t\t\t\t\t\t\t\t\t<\/div>\n\t\t\t\t<\/div>\n\t\t\t\t<div class=\"elementor-element elementor-element-d346f32 elementor-widget elementor-widget-text-editor\" data-id=\"d346f32\" data-element_type=\"widget\" data-e-type=\"widget\" data-widget_type=\"text-editor.default\">\n\t\t\t\t<div class=\"elementor-widget-container\">\n\t\t\t\t\t\t\t\t\t<p>WordPress is one of the most popular CMS solutions.<\/p><p>He got his popularity because he can do everything with a click. It has a huge number of themes that allow easy arrangement and creation of the site. Countless plugins and other additions that make work easier and improve the site. And just writing articles and texts is as simple as using a word document.<\/p>\t\t\t\t\t\t\t\t<\/div>\n\t\t\t\t<\/div>\n\t\t\t\t\t<\/div>\n\t\t<\/div>\n\t\t\t\t\t<\/div>\n\t\t<\/section>\n\t\t\t\t<section class=\"elementor-section elementor-top-section elementor-element elementor-element-1bf5329 elementor-section-boxed elementor-section-height-default elementor-section-height-default\" data-id=\"1bf5329\" data-element_type=\"section\" data-e-type=\"section\">\n\t\t\t\t\t\t<div class=\"elementor-container elementor-column-gap-default\">\n\t\t\t\t\t<div class=\"elementor-column elementor-col-100 elementor-top-column elementor-element elementor-element-1672faa\" data-id=\"1672faa\" data-element_type=\"column\" data-e-type=\"column\">\n\t\t\t<div class=\"elementor-widget-wrap elementor-element-populated\">\n\t\t\t\t\t\t<div class=\"elementor-element elementor-element-50567cf elementor-widget elementor-widget-heading\" data-id=\"50567cf\" data-element_type=\"widget\" data-e-type=\"widget\" data-widget_type=\"heading.default\">\n\t\t\t\t<div class=\"elementor-widget-container\">\n\t\t\t\t\t<h2 class=\"elementor-heading-title elementor-size-default\">Schedule a meeting<\/h2>\t\t\t\t<\/div>\n\t\t\t\t<\/div>\n\t\t\t\t<div class=\"elementor-element elementor-element-09b463a elementor-widget elementor-widget-text-editor\" data-id=\"09b463a\" data-element_type=\"widget\" data-e-type=\"widget\" data-widget_type=\"text-editor.default\">\n\t\t\t\t<div class=\"elementor-widget-container\">\n\t\t\t\t\t\t\t\t\t<p>Schedule a meeting of a maximum of 30 minutes by phone (Serbia only) or Zoom.<\/p>\t\t\t\t\t\t\t\t<\/div>\n\t\t\t\t<\/div>\n\t\t\t\t<div class=\"elementor-element elementor-element-c24a4f5 elementor-widget elementor-widget-html\" data-id=\"c24a4f5\" data-element_type=\"widget\" data-e-type=\"widget\" data-widget_type=\"html.default\">\n\t\t\t\t<div class=\"elementor-widget-container\">\n\t\t\t\t\t<!-- Calendly inline widget begin -->\r\n<div class=\"calendly-inline-widget\" data-url=\"https:\/\/calendly.com\/webhostingsrbija\/30min?primary_color=1063db\" style=\"min-width:320px;height:700px;\"><\/div>\r\n<script type=\"text\/javascript\" src=\"https:\/\/assets.calendly.com\/assets\/external\/widget.js\" async><\/script>\r\n<!-- Calendly inline widget end -->\t\t\t\t<\/div>\n\t\t\t\t<\/div>\n\t\t\t\t<div class=\"elementor-element elementor-element-7e5d214 elementor-widget elementor-widget-text-editor\" data-id=\"7e5d214\" data-element_type=\"widget\" data-e-type=\"widget\" data-widget_type=\"text-editor.default\">\n\t\t\t\t<div class=\"elementor-widget-container\">\n\t\t\t\t\t\t\t\t\t<h2>What do I need?<\/h2><p>First let&#039;s compare what is the difference between these two choices.<\/p><p>Laravel is a framework, it doesn&#039;t have anything done like wordpress, so everything has to be done, that is, the developer has to do it all, including user registration and the administrative part for setting up and editing pages\/articles, literally everything. WordPress has it all right after installation and you get it all ready in 2 seconds. Laravel is incomparably faster compared to WordPress, incomparably safer compared to WordPress, but therefore far more expensive to build than on WordPress.<br \/>The price of an ordinary site on WordPress is from 200 euros and more. The price of an ordinary site on Laravel is 1000 euros and more.<\/p><p>The price is so different because As mentioned that building a site on WordPress in most cases (even a store) consists of choosing themes (ready-made) and plugins (ready-made) and making it all fit and set up nicely. Whereas for Laravel there is almost nothing ready-made and everything has to be created from scratch. A WordPress site can be ready in a day, while Laravel can take a couple of weeks.<\/p><h3>Finally Laravel or WordPress?<\/h3><p>Answer through a few questions:<\/p><p>Do you need a presentation site for your company? \u2013 WordPress<br \/>Do you need a store for up to a few thousand products and you have a smaller budget? \u2013 WordPress<br \/>Do you need a store that is highly reliable and secure for more visits and more items? \u2013 Laravel<br \/>Do you need a special kind of web tool that is not a presentation site or a blog or a store? \u2013 Laravel<\/p><p>Still not sure? Call us at 066\/316-039 for free consultations.<\/p>\t\t\t\t\t\t\t\t<\/div>\n\t\t\t\t<\/div>\n\t\t\t\t\t<\/div>\n\t\t<\/div>\n\t\t\t\t\t<\/div>\n\t\t<\/section>\n\t\t\t\t<\/div>","protected":false},"excerpt":{"rendered":"<p>Izrada sajta Povoljna i brza izrada sajta. U vremenskom dogovorenom roku koji je u proseku 2 nedelje va\u0161 sajt bi\u0107e gotov i spreman za javnost. Mogu\u0107 je i redizajn sajta koji ve\u0107 posedujete. WebHosting i \u0110or\u0111e Bojkovi\u0107 iskustvo u izradi sajtova koje traje vi\u0161e od 10 godina. Po\u010deci su bili kao freelanceri na lokalnom tr\u017ei\u0161tu [&hellip;]<\/p>\n","protected":false},"author":1,"featured_media":0,"parent":0,"menu_order":0,"comment_status":"closed","ping_status":"closed","template":"","meta":{"site-sidebar-layout":"no-sidebar","site-content-layout":"page-builder","ast-site-content-layout":"default","site-content-style":"default","site-sidebar-style":"default","ast-global-header-display":"","ast-banner-title-visibility":"","ast-main-header-display":"","ast-hfb-above-header-display":"","ast-hfb-below-header-display":"","ast-hfb-mobile-header-display":"","site-post-title":"disabled","ast-breadcrumbs-content":"","ast-featured-img":"disabled","footer-sml-layout":"","ast-disable-related-posts":"","theme-transparent-header-meta":"","adv-header-id-meta":"","stick-header-meta":"","header-above-stick-meta":"","header-main-stick-meta":"","header-below-stick-meta":"","astra-migrate-meta-layouts":"default","ast-page-background-enabled":"default","ast-page-background-meta":{"desktop":{"background-color":"","background-image":"","background-repeat":"repeat","background-position":"center center","background-size":"auto","background-attachment":"scroll","background-type":"","background-media":"","overlay-type":"","overlay-color":"","overlay-opacity":"","overlay-gradient":""},"tablet":{"background-color":"","background-image":"","background-repeat":"repeat","background-position":"center center","background-size":"auto","background-attachment":"scroll","background-type":"","background-media":"","overlay-type":"","overlay-color":"","overlay-opacity":"","overlay-gradient":""},"mobile":{"background-color":"","background-image":"","background-repeat":"repeat","background-position":"center center","background-size":"auto","background-attachment":"scroll","background-type":"","background-media":"","overlay-type":"","overlay-color":"","overlay-opacity":"","overlay-gradient":""}},"ast-content-background-meta":{"desktop":{"background-color":"var(--ast-global-color-5)","background-image":"","background-repeat":"repeat","background-position":"center center","background-size":"auto","background-attachment":"scroll","background-type":"","background-media":"","overlay-type":"","overlay-color":"","overlay-opacity":"","overlay-gradient":""},"tablet":{"background-color":"var(--ast-global-color-5)","background-image":"","background-repeat":"repeat","background-position":"center center","background-size":"auto","background-attachment":"scroll","background-type":"","background-media":"","overlay-type":"","overlay-color":"","overlay-opacity":"","overlay-gradient":""},"mobile":{"background-color":"var(--ast-global-color-5)","background-image":"","background-repeat":"repeat","background-position":"center center","background-size":"auto","background-attachment":"scroll","background-type":"","background-media":"","overlay-type":"","overlay-color":"","overlay-opacity":"","overlay-gradient":""}},"footnotes":""},"class_list":["post-2241","page","type-page","status-publish","hentry"],"_links":{"self":[{"href":"https:\/\/www.webhostingsrbija.rs\/en\/wp-json\/wp\/v2\/pages\/2241","targetHints":{"allow":["GET"]}}],"collection":[{"href":"https:\/\/www.webhostingsrbija.rs\/en\/wp-json\/wp\/v2\/pages"}],"about":[{"href":"https:\/\/www.webhostingsrbija.rs\/en\/wp-json\/wp\/v2\/types\/page"}],"author":[{"embeddable":true,"href":"https:\/\/www.webhostingsrbija.rs\/en\/wp-json\/wp\/v2\/users\/1"}],"replies":[{"embeddable":true,"href":"https:\/\/www.webhostingsrbija.rs\/en\/wp-json\/wp\/v2\/comments?post=2241"}],"version-history":[{"count":13,"href":"https:\/\/www.webhostingsrbija.rs\/en\/wp-json\/wp\/v2\/pages\/2241\/revisions"}],"predecessor-version":[{"id":6179,"href":"https:\/\/www.webhostingsrbija.rs\/en\/wp-json\/wp\/v2\/pages\/2241\/revisions\/6179"}],"wp:attachment":[{"href":"https:\/\/www.webhostingsrbija.rs\/en\/wp-json\/wp\/v2\/media?parent=2241"}],"curies":[{"name":"wp","href":"https:\/\/api.w.org\/{rel}","templated":true}]}}