{"id":4046,"date":"2022-02-08T21:26:02","date_gmt":"2022-02-08T20:26:02","guid":{"rendered":"https:\/\/www.webhostingsrbija.rs\/\/?page_id=4046"},"modified":"2023-01-27T09:17:53","modified_gmt":"2023-01-27T08:17:53","slug":"besplatna-prodavnica-uz-hosting","status":"publish","type":"page","link":"https:\/\/www.webhostingsrbija.rs\/en\/besplatna-prodavnica-uz-hosting\/","title":{"rendered":"Free store with hosting"},"content":{"rendered":"<div data-elementor-type=\"wp-page\" data-elementor-id=\"4046\" class=\"elementor elementor-4046\">\n\t\t\t\t\t\t<section class=\"elementor-section elementor-top-section elementor-element elementor-element-a233615 elementor-section-boxed elementor-section-height-default elementor-section-height-default\" data-id=\"a233615\" data-element_type=\"section\" data-e-type=\"section\">\n\t\t\t\t\t\t<div class=\"elementor-container elementor-column-gap-default\">\n\t\t\t\t\t<div class=\"elementor-column elementor-col-100 elementor-top-column elementor-element elementor-element-3d9393c\" data-id=\"3d9393c\" data-element_type=\"column\" data-e-type=\"column\">\n\t\t\t<div class=\"elementor-widget-wrap elementor-element-populated\">\n\t\t\t\t\t\t<div class=\"elementor-element elementor-element-0447a90 elementor-widget elementor-widget-text-editor\" data-id=\"0447a90\" data-element_type=\"widget\" data-e-type=\"widget\" data-widget_type=\"text-editor.default\">\n\t\t\t\t<div class=\"elementor-widget-container\">\n\t\t\t\t\t\t\t\t\t<h2>What is an online store?<\/h2><p>An online store is a place where your visitors can see and order your products without direct contact and without going to a physical store.<\/p><h3>What are the benefits of an online store compared to a regular local store?<\/h3><ul><li>Your customer can view your products at any time regardless of the opening hours of the physical store<\/li><li>He can also order your product during the night<\/li><li>A larger number of people have access to your products than those who only see or know about your location, which street you are on<\/li><li>Lower costs, because you don&#039;t pay the local<\/li><li>Multilingual capability<\/li><li>Display more items than can fit in the average bar<\/li><\/ul><h3>What store do I get when I buy hosting?<\/h3><p>Each thumbnail is a link that leads to an example site of what kind of store you get. Choose the one you like the most and upon activation we will set up just such a site where all you have to do is change the text and place your products.<\/p><p><strong><em>You can change literally everything on every site\/store.<\/em><\/strong><\/p><h3>What do you get with each site?<\/h3><ul><li>Ready site<\/li><li>Online store ready to receive orders<\/li><li>Basic SEO optimization<\/li><li>Contact form<\/li><li>Email address<\/li><li>Unlimited support for site design<\/li><li>Possibility of modification<\/li><li>Unlimited number of products<\/li><li>The possibility of a multilingual site<\/li><li>It is possible to add more types of payment<\/li><\/ul><h3>Conditions?<\/h3><p>You only need to order the minimum Advanced package for one year and that&#039;s it.<\/p><p><strong>What doesn&#039;t belong on the site?<\/strong><\/p><p>We set up the site so that you have an active Email, SEO optimization and installed woocommerce with a set order and cash on delivery payment. We have also created video help on how to create an item for sale, how to edit an order and edit any page ie upgrade it. Any upgrade, modification, alteration or refinishing is not eligible for this promotion. For any changes, you can look at the videos we have prepared or look for free instructions on the Internet.<\/p>\t\t\t\t\t\t\t\t<\/div>\n\t\t\t\t<\/div>\n\t\t\t\t<div class=\"elementor-element elementor-element-4e84838 elementor-widget elementor-widget-heading\" data-id=\"4e84838\" data-element_type=\"widget\" data-e-type=\"widget\" data-widget_type=\"heading.default\">\n\t\t\t\t<div class=\"elementor-widget-container\">\n\t\t\t\t\t<h2 class=\"elementor-heading-title elementor-size-default\">Frequently asked questions<\/h2>\t\t\t\t<\/div>\n\t\t\t\t<\/div>\n\t\t\t\t<div class=\"elementor-element elementor-element-ee61ef2 elementor-widget elementor-widget-text-editor\" data-id=\"ee61ef2\" data-element_type=\"widget\" data-e-type=\"widget\" data-widget_type=\"text-editor.default\">\n\t\t\t\t<div class=\"elementor-widget-container\">\n\t\t\t\t\t\t\t\t\t<p><strong>Is it possible to place one of these examples on an existing site?<\/strong><br \/>- Unfortunately, that is not possible. Your site contains the site through which the design itself was created, and setting this example would disrupt everything because it belongs to the redesign of the site.\u00a0<br \/><strong>When can I start working?<br \/><\/strong>- After activating the hosting account you bought from us, send us the example you want and you can start working on the same day.<br \/><b>Are there additional payments besides hosting?<\/b><br \/>- No. The only requirement is to purchase a hosting package.\u00a0<br \/><strong>How is it worth giving a free website when the smallest one costs 150 euros each?<\/strong><br \/>- The same as any other campaign to raise awareness of our brand and our business, in order to provide others with the opportunity to convince themselves of the quality of our services and thereby expand the circle of our clients.<br \/><strong>What is the difference between premium and non-premium sites?<br \/><\/strong>- When creating your site, we use paid premium licenses and in that case it is possible to use the site only while it is on our hosting, while those that are not premium can be transferred to wherever you want after the end of the hosting.<br \/>- Also, with the premium site, depending on the example, the unlimited elementor add-on and astra pro are included. They are two premium plugins and the license for that is $600.<br \/><strong>I have no experience, will I manage?<br \/><\/strong>- This kind of offer is made just for those who have no experience and everything is adapted to them. In addition to the instructions, there is also support to guide you in how you can adapt the site to your needs. If you&#039;re familiar with Word then you&#039;ll have heard of this.<br \/><strong>Can I pay extra and have you finish everything?<br \/><\/strong>- Such an option is also possible. The price would depend on your requirements. But if you have time, think again. Editing this site is not just building a site but also learning how to maintain it and learn how it actually works for any future changes.\u00a0<\/p>\t\t\t\t\t\t\t\t<\/div>\n\t\t\t\t<\/div>\n\t\t\t\t\t<\/div>\n\t\t<\/div>\n\t\t\t\t\t<\/div>\n\t\t<\/section>\n\t\t\t\t<section class=\"elementor-section elementor-top-section elementor-element elementor-element-2e79c5b elementor-section-boxed elementor-section-height-default elementor-section-height-default\" data-id=\"2e79c5b\" data-element_type=\"section\" data-e-type=\"section\">\n\t\t\t\t\t\t<div class=\"elementor-container elementor-column-gap-default\">\n\t\t\t\t\t<div class=\"elementor-column elementor-col-100 elementor-top-column elementor-element elementor-element-f61ab32\" data-id=\"f61ab32\" data-element_type=\"column\" data-e-type=\"column\">\n\t\t\t<div class=\"elementor-widget-wrap elementor-element-populated\">\n\t\t\t\t\t\t<div class=\"elementor-element elementor-element-2fcb577 elementor-align-center elementor-widget elementor-widget-button\" data-id=\"2fcb577\" data-element_type=\"widget\" data-e-type=\"widget\" data-widget_type=\"button.default\">\n\t\t\t\t<div class=\"elementor-widget-container\">\n\t\t\t\t\t\t\t\t\t<div class=\"elementor-button-wrapper\">\n\t\t\t\t\t<a class=\"elementor-button elementor-button-link elementor-size-sm\" href=\"https:\/\/besplatansajt.in.rs\/besplatna-prodavnica\/\" target=\"_blank\" rel=\"noopener\">\n\t\t\t\t\t\t<span class=\"elementor-button-content-wrapper\">\n\t\t\t\t\t\t\t\t\t<span class=\"elementor-button-text\">See examples of stores<\/span>\n\t\t\t\t\t<\/span>\n\t\t\t\t\t<\/a>\n\t\t\t\t<\/div>\n\t\t\t\t\t\t\t\t<\/div>\n\t\t\t\t<\/div>\n\t\t\t\t\t<\/div>\n\t\t<\/div>\n\t\t\t\t\t<\/div>\n\t\t<\/section>\n\t\t\t\t<\/div>","protected":false},"excerpt":{"rendered":"<p>\u0160ta je online prodavnica? Online prodavnica je mesto gde va\u0161i posetioci mogu da vide i poru\u010de va\u0161e proizvode bez direktnog kontakta i bez odlaska u fizi\u010dku prodavnicu. Koje su pogodnosti Online prodavnice u odnosu na regularnu prodavnicu u lokalu? Va\u0161 kupac mo\u017ee da pogleda va\u0161e proizvode u bilo kom trenutku bez obzira na radno vreme [&hellip;]<\/p>\n","protected":false},"author":1,"featured_media":4781,"parent":0,"menu_order":0,"comment_status":"closed","ping_status":"closed","template":"","meta":{"site-sidebar-layout":"no-sidebar","site-content-layout":"page-builder","ast-site-content-layout":"default","site-content-style":"default","site-sidebar-style":"default","ast-global-header-display":"","ast-banner-title-visibility":"","ast-main-header-display":"","ast-hfb-above-header-display":"","ast-hfb-below-header-display":"","ast-hfb-mobile-header-display":"","site-post-title":"disabled","ast-breadcrumbs-content":"","ast-featured-img":"disabled","footer-sml-layout":"","ast-disable-related-posts":"","theme-transparent-header-meta":"","adv-header-id-meta":"","stick-header-meta":"","header-above-stick-meta":"","header-main-stick-meta":"","header-below-stick-meta":"","astra-migrate-meta-layouts":"default","ast-page-background-enabled":"default","ast-page-background-meta":{"desktop":{"background-color":"","background-image":"","background-repeat":"repeat","background-position":"center center","background-size":"auto","background-attachment":"scroll","background-type":"","background-media":"","overlay-type":"","overlay-color":"","overlay-opacity":"","overlay-gradient":""},"tablet":{"background-color":"","background-image":"","background-repeat":"repeat","background-position":"center center","background-size":"auto","background-attachment":"scroll","background-type":"","background-media":"","overlay-type":"","overlay-color":"","overlay-opacity":"","overlay-gradient":""},"mobile":{"background-color":"","background-image":"","background-repeat":"repeat","background-position":"center center","background-size":"auto","background-attachment":"scroll","background-type":"","background-media":"","overlay-type":"","overlay-color":"","overlay-opacity":"","overlay-gradient":""}},"ast-content-background-meta":{"desktop":{"background-color":"var(--ast-global-color-5)","background-image":"","background-repeat":"repeat","background-position":"center center","background-size":"auto","background-attachment":"scroll","background-type":"","background-media":"","overlay-type":"","overlay-color":"","overlay-opacity":"","overlay-gradient":""},"tablet":{"background-color":"var(--ast-global-color-5)","background-image":"","background-repeat":"repeat","background-position":"center center","background-size":"auto","background-attachment":"scroll","background-type":"","background-media":"","overlay-type":"","overlay-color":"","overlay-opacity":"","overlay-gradient":""},"mobile":{"background-color":"var(--ast-global-color-5)","background-image":"","background-repeat":"repeat","background-position":"center center","background-size":"auto","background-attachment":"scroll","background-type":"","background-media":"","overlay-type":"","overlay-color":"","overlay-opacity":"","overlay-gradient":""}},"footnotes":""},"class_list":["post-4046","page","type-page","status-publish","has-post-thumbnail","hentry"],"_links":{"self":[{"href":"https:\/\/www.webhostingsrbija.rs\/en\/wp-json\/wp\/v2\/pages\/4046","targetHints":{"allow":["GET"]}}],"collection":[{"href":"https:\/\/www.webhostingsrbija.rs\/en\/wp-json\/wp\/v2\/pages"}],"about":[{"href":"https:\/\/www.webhostingsrbija.rs\/en\/wp-json\/wp\/v2\/types\/page"}],"author":[{"embeddable":true,"href":"https:\/\/www.webhostingsrbija.rs\/en\/wp-json\/wp\/v2\/users\/1"}],"replies":[{"embeddable":true,"href":"https:\/\/www.webhostingsrbija.rs\/en\/wp-json\/wp\/v2\/comments?post=4046"}],"version-history":[{"count":36,"href":"https:\/\/www.webhostingsrbija.rs\/en\/wp-json\/wp\/v2\/pages\/4046\/revisions"}],"predecessor-version":[{"id":5138,"href":"https:\/\/www.webhostingsrbija.rs\/en\/wp-json\/wp\/v2\/pages\/4046\/revisions\/5138"}],"wp:featuredmedia":[{"embeddable":true,"href":"https:\/\/www.webhostingsrbija.rs\/en\/wp-json\/wp\/v2\/media\/4781"}],"wp:attachment":[{"href":"https:\/\/www.webhostingsrbija.rs\/en\/wp-json\/wp\/v2\/media?parent=4046"}],"curies":[{"name":"wp","href":"https:\/\/api.w.org\/{rel}","templated":true}]}}